{"id":429,"date":"2019-11-05T18:08:10","date_gmt":"2019-11-05T18:08:10","guid":{"rendered":"https:\/\/www.pajupuhkekyla.com\/kontakt\/"},"modified":"2019-12-03T13:48:44","modified_gmt":"2019-12-03T13:48:44","slug":"contact","status":"publish","type":"page","link":"https:\/\/www.pajupuhkekyla.com\/en\/contact\/","title":{"rendered":"Contact"},"content":{"rendered":"<div id=\"pl-429\"  class=\"panel-layout\" ><div id=\"pg-429-0\"  class=\"panel-grid panel-no-style\" ><div id=\"pgc-429-0-0\"  class=\"panel-grid-cell\" ><div class=\"headline-widgets-no-bottom-margin panel-cell-style panel-cell-style-for-429-0-0\" ><div id=\"panel-429-0-0-0\" class=\"so-panel widget widget_wpforms-widget wpforms-widget panel-first-child panel-last-child\" data-index=\"0\" ><h3 class=\"widget-title\">Contact us!<\/h3><div class=\"wpforms-container wpforms-container-full\" id=\"wpforms-436\"><form id=\"wpforms-form-436\" class=\"wpforms-validate wpforms-form\" data-formid=\"436\" method=\"post\" enctype=\"multipart\/form-data\" action=\"\/en\/wp-json\/wp\/v2\/pages\/429\" data-token=\"3701f95f05d4b843f5a5589e47a6dbc4\" data-token-time=\"1776726154\"><noscript class=\"wpforms-error-noscript\">Please enable JavaScript in your browser to complete this form.<\/noscript><div class=\"wpforms-field-container\"><div id=\"wpforms-436-field_0-container\" class=\"wpforms-field wpforms-field-name\" data-field-id=\"0\"><label class=\"wpforms-field-label\" for=\"wpforms-436-field_0\">Your name <span class=\"wpforms-required-label\">*<\/span><\/label><div class=\"wpforms-field-row wpforms-field-medium\"><div class=\"wpforms-field-row-block wpforms-first wpforms-one-half\"><input type=\"text\" id=\"wpforms-436-field_0\" class=\"wpforms-field-name-first wpforms-field-required\" name=\"wpforms[fields][0][first]\" placeholder=\"First name\" required><label for=\"wpforms-436-field_0\" class=\"wpforms-field-sublabel after wpforms-sublabel-hide\">First<\/label><\/div><div class=\"wpforms-field-row-block wpforms-one-half\"><input type=\"text\" id=\"wpforms-436-field_0-last\" class=\"wpforms-field-name-last wpforms-field-required\" name=\"wpforms[fields][0][last]\" placeholder=\"Last name\" required><label for=\"wpforms-436-field_0-last\" class=\"wpforms-field-sublabel after wpforms-sublabel-hide\">Last<\/label><\/div><\/div><\/div><div id=\"wpforms-436-field_1-container\" class=\"wpforms-field wpforms-field-email\" data-field-id=\"1\"><label class=\"wpforms-field-label\" for=\"wpforms-436-field_1\">Your email <span class=\"wpforms-required-label\">*<\/span><\/label><input type=\"email\" id=\"wpforms-436-field_1\" class=\"wpforms-field-medium wpforms-field-required\" name=\"wpforms[fields][1]\" spellcheck=\"false\" required><\/div><div id=\"wpforms-436-field_3-container\" class=\"wpforms-field wpforms-field-text\" data-field-id=\"3\"><label class=\"wpforms-field-label\" for=\"wpforms-436-field_3\">Title <span class=\"wpforms-required-label\">*<\/span><\/label><input type=\"text\" id=\"wpforms-436-field_3\" class=\"wpforms-field-medium wpforms-field-required\" name=\"wpforms[fields][3]\" required><\/div><div id=\"wpforms-436-field_2-container\" class=\"wpforms-field wpforms-field-textarea\" data-field-id=\"2\"><label class=\"wpforms-field-label\" for=\"wpforms-436-field_2\">Message <span class=\"wpforms-required-label\">*<\/span><\/label><textarea id=\"wpforms-436-field_2\" class=\"wpforms-field-medium wpforms-field-required\" name=\"wpforms[fields][2]\" required><\/textarea><\/div><\/div><!-- .wpforms-field-container --><div class=\"wpforms-field wpforms-field-hp\"><label for=\"wpforms-436-field-hp\" class=\"wpforms-field-label\">Website<\/label><input type=\"text\" name=\"wpforms[hp]\" id=\"wpforms-436-field-hp\" class=\"wpforms-field-medium\"><\/div><div class=\"wpforms-submit-container\" ><input type=\"hidden\" name=\"wpforms[id]\" value=\"436\"><input type=\"hidden\" name=\"page_title\" value=\"\"><input type=\"hidden\" name=\"page_url\" value=\"https:\/\/www.pajupuhkekyla.com\/en\/wp-json\/wp\/v2\/pages\/429\"><input type=\"hidden\" name=\"url_referer\" value=\"\"><button type=\"submit\" name=\"wpforms[submit]\" id=\"wpforms-submit-436\" class=\"wpforms-submit\" data-alt-text=\"Sending...\" data-submit-text=\"Send\" aria-live=\"assertive\" value=\"wpforms-submit\">Send<\/button><\/div><\/form><\/div>  <!-- .wpforms-container --><\/div><\/div><\/div><div id=\"pgc-429-0-1\"  class=\"panel-grid-cell\" ><div class=\"headline-widgets-no-bottom-margin panel-cell-style panel-cell-style-for-429-0-1\" ><div id=\"panel-429-0-1-0\" class=\"so-panel widget widget_siteorigin-panels-builder panel-first-child\" data-index=\"1\" ><div class=\"small-icon-list panel-widget-style panel-widget-style-for-429-0-1-0\" ><div id=\"pl-w5de667bc667ff\"  class=\"panel-layout\" ><div id=\"pg-w5de667bc667ff-0\"  class=\"panel-grid panel-no-style\" ><div id=\"pgc-w5de667bc667ff-0-0\"  class=\"panel-grid-cell\" ><div class=\"panel-cell-style panel-cell-style-for-w5de667bc667ff-0-0\" ><div id=\"panel-w5de667bc667ff-0-0-0\" class=\"so-panel widget widget_sow-icon panel-first-child panel-last-child\" data-index=\"0\" ><div class=\"panel-widget-style panel-widget-style-for-w5de667bc667ff-0-0-0\" ><div\n\t\t\t\n\t\t\tclass=\"so-widget-sow-icon so-widget-sow-icon-default-9c3a5f2fb4a1\"\n\t\t\t\n\t\t>\n<div class=\"sow-icon-container sow-icon\">\n\t\t\t<span class=\"sow-icon-fontawesome sow-fas\" data-sow-icon=\"&#xf095;\"\n\t\t \n\t\taria-hidden=\"true\"><\/span>\t<\/div>\n<\/div><\/div><\/div><\/div><\/div><div id=\"pgc-w5de667bc667ff-0-1\"  class=\"panel-grid-cell\" ><div id=\"panel-w5de667bc667ff-0-1-0\" class=\"so-panel widget widget_black-studio-tinymce widget_black_studio_tinymce panel-first-child panel-last-child\" data-index=\"1\" ><div class=\"panel-widget-style panel-widget-style-for-w5de667bc667ff-0-1-0\" ><div class=\"textwidget\"><p>(+372) 53 412 872<\/p>\n<\/div><\/div><\/div><\/div><\/div><div id=\"pg-w5de667bc667ff-1\"  class=\"panel-grid panel-no-style\" ><div id=\"pgc-w5de667bc667ff-1-0\"  class=\"panel-grid-cell\" ><div id=\"panel-w5de667bc667ff-1-0-0\" class=\"so-panel widget widget_sow-icon panel-first-child panel-last-child\" data-index=\"2\" ><div class=\"panel-widget-style panel-widget-style-for-w5de667bc667ff-1-0-0\" ><div\n\t\t\t\n\t\t\tclass=\"so-widget-sow-icon so-widget-sow-icon-default-9c3a5f2fb4a1\"\n\t\t\t\n\t\t>\n<div class=\"sow-icon-container sow-icon\">\n\t\t\t<span class=\"sow-icon-fontawesome sow-far\" data-sow-icon=\"&#xf0e0;\"\n\t\t \n\t\taria-hidden=\"true\"><\/span>\t<\/div>\n<\/div><\/div><\/div><\/div><div id=\"pgc-w5de667bc667ff-1-1\"  class=\"panel-grid-cell\" ><div id=\"panel-w5de667bc667ff-1-1-0\" class=\"so-panel widget widget_black-studio-tinymce widget_black_studio_tinymce panel-first-child panel-last-child\" data-index=\"3\" ><div class=\"panel-widget-style panel-widget-style-for-w5de667bc667ff-1-1-0\" ><div class=\"textwidget\"><p><a href=\"mailto:paju.puhkemaja@mail.ee\">paju.puhkemaja@mail.ee<\/a><\/p>\n<\/div><\/div><\/div><\/div><\/div><div id=\"pg-w5de667bc667ff-2\"  class=\"panel-grid panel-no-style\" ><div id=\"pgc-w5de667bc667ff-2-0\"  class=\"panel-grid-cell\" ><div id=\"panel-w5de667bc667ff-2-0-0\" class=\"so-panel widget widget_sow-icon panel-first-child panel-last-child\" data-index=\"4\" ><div class=\"panel-widget-style panel-widget-style-for-w5de667bc667ff-2-0-0\" ><div\n\t\t\t\n\t\t\tclass=\"so-widget-sow-icon so-widget-sow-icon-default-9c3a5f2fb4a1\"\n\t\t\t\n\t\t>\n<div class=\"sow-icon-container sow-icon\">\n\t\t\t<span class=\"sow-icon-fontawesome sow-fas\" data-sow-icon=\"&#xf3c5;\"\n\t\t \n\t\taria-hidden=\"true\"><\/span>\t<\/div>\n<\/div><\/div><\/div><\/div><div id=\"pgc-w5de667bc667ff-2-1\"  class=\"panel-grid-cell\" ><div id=\"panel-w5de667bc667ff-2-1-0\" class=\"so-panel widget widget_black-studio-tinymce widget_black_studio_tinymce panel-first-child panel-last-child\" data-index=\"5\" ><div class=\"panel-widget-style panel-widget-style-for-w5de667bc667ff-2-1-0\" ><div class=\"textwidget\"><p>Paju talu, P\u00fchaj\u00e4rve village,<br \/>\n67414 Valga county, Estonia<\/p>\n<\/div><\/div><\/div><\/div><\/div><\/div><\/div><\/div><div id=\"panel-429-0-1-1\" class=\"widget_text so-panel widget widget_custom_html\" data-index=\"2\" ><div class=\"textwidget custom-html-widget\"><hr \/><\/div><\/div><div id=\"panel-429-0-1-2\" class=\"widget_text so-panel widget widget_custom_html panel-last-child\" data-index=\"3\" ><div class=\"widget_text panel-widget-style panel-widget-style-for-429-0-1-2\" ><div class=\"textwidget custom-html-widget\"><strong>You can find nearby:<\/strong>\n<br><br>\nOtep\u00e4\u00e4 city - 3 km\n<br>\nP\u00fchaj\u00e4rve beach - 0,6 km\n<br>\nP\u00fchaj\u00e4rve SPA Hotel - 0,4 km\n<br>\nK\u00e4\u00e4riku Sports Center - 7 km\n<br>\nKuutsem\u00e4e Resort - 10 km\n<br>\nV\u00e4ike Munam\u00e4gi - 4,5 km\n<br><\/div><\/div><\/div><\/div><\/div><\/div><\/div>","protected":false},"excerpt":{"rendered":"<p>Contact us!Please enable JavaScript in your browser to complete this form.Your name *FirstLastYour email *Title *Message *PhoneSend (+372) 53 412 872 paju.puhkemaja@mail.ee Paju talu, P\u00fchaj\u00e4rve village, 67414 Valga county, Estonia You can find nearby: Otep\u00e4\u00e4 city &#8211; 3 km P\u00fchaj\u00e4rve beach &#8211; 0,6 km P\u00fchaj\u00e4rve SPA Hotel &#8211; 0,4 km K\u00e4\u00e4riku Sports Center &#8211; 7 <a href=\"https:\/\/www.pajupuhkekyla.com\/en\/contact\/\" class=\"read-more below\">READ MORE<\/a><\/p>\n","protected":false},"author":1,"featured_media":0,"parent":0,"menu_order":0,"comment_status":"closed","ping_status":"closed","template":"template-full-width-no-bottom-margin.php","meta":{"footnotes":""},"class_list":["post-429","page","type-page","status-publish","hentry"],"_links":{"self":[{"href":"https:\/\/www.pajupuhkekyla.com\/en\/wp-json\/wp\/v2\/pages\/429","targetHints":{"allow":["GET"]}}],"collection":[{"href":"https:\/\/www.pajupuhkekyla.com\/en\/wp-json\/wp\/v2\/pages"}],"about":[{"href":"https:\/\/www.pajupuhkekyla.com\/en\/wp-json\/wp\/v2\/types\/page"}],"author":[{"embeddable":true,"href":"https:\/\/www.pajupuhkekyla.com\/en\/wp-json\/wp\/v2\/users\/1"}],"replies":[{"embeddable":true,"href":"https:\/\/www.pajupuhkekyla.com\/en\/wp-json\/wp\/v2\/comments?post=429"}],"version-history":[{"count":9,"href":"https:\/\/www.pajupuhkekyla.com\/en\/wp-json\/wp\/v2\/pages\/429\/revisions"}],"predecessor-version":[{"id":442,"href":"https:\/\/www.pajupuhkekyla.com\/en\/wp-json\/wp\/v2\/pages\/429\/revisions\/442"}],"wp:attachment":[{"href":"https:\/\/www.pajupuhkekyla.com\/en\/wp-json\/wp\/v2\/media?parent=429"}],"curies":[{"name":"wp","href":"https:\/\/api.w.org\/{rel}","templated":true}]}}